{"id":6,"date":"2021-09-28T19:02:00","date_gmt":"2021-09-28T19:02:00","guid":{"rendered":"https:\/\/essencial.solar\/blog\/?page_id=6"},"modified":"2021-09-28T21:02:56","modified_gmt":"2021-09-28T21:02:56","slug":"pagina-inicial","status":"publish","type":"page","link":"https:\/\/essencial.solar\/blog\/","title":{"rendered":"P\u00e1gina Inicial"},"content":{"rendered":"\t\t<div data-elementor-type=\"wp-page\" data-elementor-id=\"6\" class=\"elementor elementor-6\" data-elementor-settings=\"[]\">\n\t\t\t\t\t\t\t<div class=\"elementor-section-wrap\">\n\t\t\t\t\t\t\t<section class=\"elementor-section elementor-top-section elementor-element elementor-element-ef074ba elementor-section-height-min-height elementor-section-stretched elementor-section-boxed elementor-section-height-default elementor-section-items-middle\" data-id=\"ef074ba\" data-element_type=\"section\" data-settings=\"{&quot;background_background&quot;:&quot;classic&quot;,&quot;stretch_section&quot;:&quot;section-stretched&quot;}\">\n\t\t\t\t\t\t<div class=\"elementor-container elementor-column-gap-default\">\n\t\t\t\t\t<div class=\"elementor-column elementor-col-100 elementor-top-column elementor-element elementor-element-13e1fe8\" data-id=\"13e1fe8\" data-element_type=\"column\">\n\t\t\t<div class=\"elementor-widget-wrap elementor-element-populated\">\n\t\t\t\t\t\t\t\t<div class=\"elementor-element elementor-element-4177321 elementor-widget elementor-widget-heading\" data-id=\"4177321\" data-element_type=\"widget\" data-widget_type=\"heading.default\">\n\t\t\t\t<div class=\"elementor-widget-container\">\n\t\t\t<h2 class=\"elementor-heading-title elementor-size-default\">Revista Essencial Energia Eficiente<\/h2>\t\t<\/div>\n\t\t\t\t<\/div>\n\t\t\t\t\t<\/div>\n\t\t<\/div>\n\t\t\t\t\t\t\t<\/div>\n\t\t<\/section>\n\t\t\t\t<section class=\"elementor-section elementor-top-section elementor-element elementor-element-38fa135 elementor-section-stretched elementor-section-boxed elementor-section-height-default elementor-section-height-default\" data-id=\"38fa135\" data-element_type=\"section\" data-settings=\"{&quot;stretch_section&quot;:&quot;section-stretched&quot;}\">\n\t\t\t\t\t\t<div class=\"elementor-container elementor-column-gap-default\">\n\t\t\t\t\t<div class=\"elementor-column elementor-col-100 elementor-top-column elementor-element elementor-element-e7d1fd9\" data-id=\"e7d1fd9\" data-element_type=\"column\">\n\t\t\t<div class=\"elementor-widget-wrap elementor-element-populated\">\n\t\t\t\t\t\t\t\t<div class=\"elementor-element elementor-element-dfecf03 elementor-posts--thumbnail-none elementor-grid-3 elementor-grid-tablet-2 elementor-grid-mobile-1 elementor-widget elementor-widget-posts\" data-id=\"dfecf03\" data-element_type=\"widget\" data-settings=\"{&quot;classic_columns&quot;:&quot;3&quot;,&quot;classic_columns_tablet&quot;:&quot;2&quot;,&quot;classic_columns_mobile&quot;:&quot;1&quot;,&quot;classic_row_gap&quot;:{&quot;unit&quot;:&quot;px&quot;,&quot;size&quot;:35,&quot;sizes&quot;:[]}}\" data-widget_type=\"posts.classic\">\n\t\t\t\t<div class=\"elementor-widget-container\">\n\t\t\t\t\t<div class=\"elementor-posts-container elementor-posts elementor-posts--skin-classic elementor-grid\">\n\t\t\t\t<article class=\"elementor-post elementor-grid-item post-303 post type-post status-publish format-standard hentry category-sem-categoria entry\">\n\t\t\t\t<div class=\"elementor-post__text\">\n\t\t\t\t<h3 class=\"elementor-post__title\">\n\t\t\t<a href=\"https:\/\/essencial.solar\/blog\/futuro-da-energia-solar-descubra\/\" >\n\t\t\t\tFuturo da energia solar: descubra!\t\t\t<\/a>\n\t\t<\/h3>\n\t\t\t\t<div class=\"elementor-post__excerpt\">\n\t\t\t<p>Desde o in\u00edcio das primeiras civiliza\u00e7\u00f5es, o sol \u00e9 um grande aliado para nos aquecer, e tamb\u00e9m faz o papel de auxiliar, de diversas formas,<\/p>\n\t\t<\/div>\n\t\t\t\t\t<a class=\"elementor-post__read-more\" href=\"https:\/\/essencial.solar\/blog\/futuro-da-energia-solar-descubra\/\" >\n\t\t\t\tLEIA MAIS\t\t\t<\/a>\n\t\t\t\t<\/div>\n\t\t\t\t<\/article>\n\t\t\t\t<article class=\"elementor-post elementor-grid-item post-297 post type-post status-publish format-standard hentry category-dicas entry\">\n\t\t\t\t<div class=\"elementor-post__text\">\n\t\t\t\t<h3 class=\"elementor-post__title\">\n\t\t\t<a href=\"https:\/\/essencial.solar\/blog\/descomplicando-a-energia-solar-conheca-os-principais-mitos-e-verdades\/\" >\n\t\t\t\tDescomplicando a energia solar: Conhe\u00e7a os principais mitos e verdades\t\t\t<\/a>\n\t\t<\/h3>\n\t\t\t\t<div class=\"elementor-post__excerpt\">\n\t\t\t<p>A energia solar vem despertando o interesse de muitas pessoas e empresas que buscam uma redu\u00e7\u00e3o significativa na conta de luz, que pode chegar a<\/p>\n\t\t<\/div>\n\t\t\t\t\t<a class=\"elementor-post__read-more\" href=\"https:\/\/essencial.solar\/blog\/descomplicando-a-energia-solar-conheca-os-principais-mitos-e-verdades\/\" >\n\t\t\t\tLEIA MAIS\t\t\t<\/a>\n\t\t\t\t<\/div>\n\t\t\t\t<\/article>\n\t\t\t\t<article class=\"elementor-post elementor-grid-item post-292 post type-post status-publish format-standard has-post-thumbnail hentry category-sem-categoria entry\">\n\t\t\t\t<div class=\"elementor-post__text\">\n\t\t\t\t<h3 class=\"elementor-post__title\">\n\t\t\t<a href=\"https:\/\/essencial.solar\/blog\/energia-solar-como-inovacao-sustentavel-para-industrias\/\" >\n\t\t\t\tEnergia solar como inova\u00e7\u00e3o sustent\u00e1vel para ind\u00fastrias\t\t\t<\/a>\n\t\t<\/h3>\n\t\t\t\t<div class=\"elementor-post__excerpt\">\n\t\t\t<p>Em grandes e pequenas ind\u00fastrias, a\u00e7\u00f5es de economia dentro dos gastos fixos ajudam os neg\u00f3cios, pois assim \u00e9 poss\u00edvel passar a investir mais em outras<\/p>\n\t\t<\/div>\n\t\t\t\t\t<a class=\"elementor-post__read-more\" href=\"https:\/\/essencial.solar\/blog\/energia-solar-como-inovacao-sustentavel-para-industrias\/\" >\n\t\t\t\tLEIA MAIS\t\t\t<\/a>\n\t\t\t\t<\/div>\n\t\t\t\t<\/article>\n\t\t\t\t<article class=\"elementor-post elementor-grid-item post-287 post type-post status-publish format-standard hentry category-sem-categoria tag-energia-solar tag-paineis-solares tag-painel-fotovoltaico entry\">\n\t\t\t\t<div class=\"elementor-post__text\">\n\t\t\t\t<h3 class=\"elementor-post__title\">\n\t\t\t<a href=\"https:\/\/essencial.solar\/blog\/curiosidades-sobre-os-paineis-solares\/\" >\n\t\t\t\tCuriosidades sobre os pain\u00e9is solares\t\t\t<\/a>\n\t\t<\/h3>\n\t\t\t\t<div class=\"elementor-post__excerpt\">\n\t\t\t<p>Muitas d\u00favidas permeiam as caracter\u00edsticas de um painel solar fotovoltaico. A grande maioria das pessoas sabem somente que a sua fun\u00e7\u00e3o \u00e9 transformar a luz<\/p>\n\t\t<\/div>\n\t\t\t\t\t<a class=\"elementor-post__read-more\" href=\"https:\/\/essencial.solar\/blog\/curiosidades-sobre-os-paineis-solares\/\" >\n\t\t\t\tLEIA MAIS\t\t\t<\/a>\n\t\t\t\t<\/div>\n\t\t\t\t<\/article>\n\t\t\t\t<article class=\"elementor-post elementor-grid-item post-283 post type-post status-publish format-standard has-post-thumbnail hentry category-institucional category-noticia tag-aluguel-de-usina-solar tag-arrendamento tag-arrendamento-de-energia-solar tag-arrendamento-de-usina-solar tag-bandeira-tarifaria tag-conta-de-energia tag-conta-de-luz tag-energia-eletrica tag-energia-fotovoltaica tag-energia-solar tag-energia-solar-sem-investimento tag-usina-solar entry\">\n\t\t\t\t<div class=\"elementor-post__text\">\n\t\t\t\t<h3 class=\"elementor-post__title\">\n\t\t\t<a href=\"https:\/\/essencial.solar\/blog\/arrendamento-de-energia-solar\/\" >\n\t\t\t\tArrendamento de energia solar: saiba como funciona o aluguel de usina de energia solar\t\t\t<\/a>\n\t\t<\/h3>\n\t\t\t\t<div class=\"elementor-post__excerpt\">\n\t\t\t<p>A energia solar \u00e9 a fonte de energia que mais cresceu no mundo nos \u00faltimos anos. A cada m\u00eas a gera\u00e7\u00e3o de energia bate mais<\/p>\n\t\t<\/div>\n\t\t\t\t\t<a class=\"elementor-post__read-more\" href=\"https:\/\/essencial.solar\/blog\/arrendamento-de-energia-solar\/\" >\n\t\t\t\tLEIA MAIS\t\t\t<\/a>\n\t\t\t\t<\/div>\n\t\t\t\t<\/article>\n\t\t\t\t<article class=\"elementor-post elementor-grid-item post-281 post type-post status-publish format-standard hentry category-institucional tag-agronegocio tag-agropecuaria tag-energia-solar tag-fonte-de-energia tag-paineis-solares tag-painel-solar tag-producao-agricola entry\">\n\t\t\t\t<div class=\"elementor-post__text\">\n\t\t\t\t<h3 class=\"elementor-post__title\">\n\t\t\t<a href=\"https:\/\/essencial.solar\/blog\/energia-solar-no-agronegocio-saiba-as-vantagens\/\" >\n\t\t\t\tEnergia solar no agroneg\u00f3cio: saiba as vantagens\t\t\t<\/a>\n\t\t<\/h3>\n\t\t\t\t<div class=\"elementor-post__excerpt\">\n\t\t\t<p>O agroneg\u00f3cio tem evolu\u00eddo muito nos \u00faltimos anos, a tecnologia no processo de produ\u00e7\u00e3o, manuten\u00e7\u00e3o e distribui\u00e7\u00e3o. Juntos, trouxeram avan\u00e7os que facilitam a vida no<\/p>\n\t\t<\/div>\n\t\t\t\t\t<a class=\"elementor-post__read-more\" href=\"https:\/\/essencial.solar\/blog\/energia-solar-no-agronegocio-saiba-as-vantagens\/\" >\n\t\t\t\tLEIA MAIS\t\t\t<\/a>\n\t\t\t\t<\/div>\n\t\t\t\t<\/article>\n\t\t\t\t<article class=\"elementor-post elementor-grid-item post-276 post type-post status-publish format-standard has-post-thumbnail hentry category-dicas category-instalacao tag-conta-de-luz tag-crise-energetica tag-crise-hidrica tag-economia tag-energia tag-energia-fotovoltaica tag-energia-solar tag-energia-sustentavel tag-painel-solar tag-sustentabilidade entry\">\n\t\t\t\t<div class=\"elementor-post__text\">\n\t\t\t\t<h3 class=\"elementor-post__title\">\n\t\t\t<a href=\"https:\/\/essencial.solar\/blog\/preparar-a-sua-construcao-para-a-energia-solar\/\" >\n\t\t\t\tComo preparar a sua constru\u00e7\u00e3o para a energia solar\t\t\t<\/a>\n\t\t<\/h3>\n\t\t\t\t<div class=\"elementor-post__excerpt\">\n\t\t\t<p>A energia solar proporciona in\u00fameros benef\u00edcios seja para resid\u00eancias, com\u00e9rcios, e produ\u00e7\u00e3o agropecu\u00e1ria. Para melhores resultados na capta\u00e7\u00e3o eficiente dos raios solares, \u00e9 preciso planejamento<\/p>\n\t\t<\/div>\n\t\t\t\t\t<a class=\"elementor-post__read-more\" href=\"https:\/\/essencial.solar\/blog\/preparar-a-sua-construcao-para-a-energia-solar\/\" >\n\t\t\t\tLEIA MAIS\t\t\t<\/a>\n\t\t\t\t<\/div>\n\t\t\t\t<\/article>\n\t\t\t\t<\/div>\n\t\t\t\t<\/div>\n\t\t\t\t<\/div>\n\t\t\t\t\t<\/div>\n\t\t<\/div>\n\t\t\t\t\t\t\t<\/div>\n\t\t<\/section>\n\t\t\t\t\t\t<\/div>\n\t\t\t\t\t<\/div>\n\t\t","protected":false},"excerpt":{"rendered":"<p>Revista Essencial Energia Eficiente<\/p>\n","protected":false},"author":1,"featured_media":0,"parent":0,"menu_order":0,"comment_status":"closed","ping_status":"closed","template":"","meta":[],"yoast_head":"<!-- This site is optimized with the Yoast SEO plugin v17.3 - https:\/\/yoast.com\/wordpress\/plugins\/seo\/ -->\n<title>P\u00e1gina Inicial - Essencial Energia Eficiente<\/title>\n<meta name=\"robots\" content=\"index, follow, max-snippet:-1, max-image-preview:large, max-video-preview:-1\" \/>\n<link rel=\"canonical\" href=\"https:\/\/essencial.solar\/blog\/\" \/>\n<meta property=\"og:locale\" content=\"pt_BR\" \/>\n<meta property=\"og:type\" content=\"article\" \/>\n<meta property=\"og:title\" content=\"P\u00e1gina Inicial - Essencial Energia Eficiente\" \/>\n<meta property=\"og:description\" content=\"Revista Essencial Energia Eficiente\" \/>\n<meta property=\"og:url\" content=\"https:\/\/essencial.solar\/blog\/\" \/>\n<meta property=\"og:site_name\" content=\"Essencial Energia Eficiente\" \/>\n<meta property=\"article:modified_time\" content=\"2021-09-28T21:02:56+00:00\" \/>\n<meta name=\"twitter:card\" content=\"summary_large_image\" \/>\n<script type=\"application\/ld+json\" class=\"yoast-schema-graph\">{\"@context\":\"https:\/\/schema.org\",\"@graph\":[{\"@type\":\"WebSite\",\"@id\":\"https:\/\/essencial.solar\/blog\/#website\",\"url\":\"https:\/\/essencial.solar\/blog\/\",\"name\":\"Essencial Energia Eficiente\",\"description\":\"\",\"potentialAction\":[{\"@type\":\"SearchAction\",\"target\":{\"@type\":\"EntryPoint\",\"urlTemplate\":\"https:\/\/essencial.solar\/blog\/?s={search_term_string}\"},\"query-input\":\"required name=search_term_string\"}],\"inLanguage\":\"pt-BR\"},{\"@type\":\"WebPage\",\"@id\":\"https:\/\/essencial.solar\/blog\/#webpage\",\"url\":\"https:\/\/essencial.solar\/blog\/\",\"name\":\"P\\u00e1gina Inicial - Essencial Energia Eficiente\",\"isPartOf\":{\"@id\":\"https:\/\/essencial.solar\/blog\/#website\"},\"datePublished\":\"2021-09-28T19:02:00+00:00\",\"dateModified\":\"2021-09-28T21:02:56+00:00\",\"breadcrumb\":{\"@id\":\"https:\/\/essencial.solar\/blog\/#breadcrumb\"},\"inLanguage\":\"pt-BR\",\"potentialAction\":[{\"@type\":\"ReadAction\",\"target\":[\"https:\/\/essencial.solar\/blog\/\"]}]},{\"@type\":\"BreadcrumbList\",\"@id\":\"https:\/\/essencial.solar\/blog\/#breadcrumb\",\"itemListElement\":[{\"@type\":\"ListItem\",\"position\":1,\"name\":\"In\\u00edcio\",\"item\":\"https:\/\/essencial.solar\/blog\/\"},{\"@type\":\"ListItem\",\"position\":2,\"name\":\"P\\u00e1gina Inicial\"}]}]}<\/script>\n<!-- \/ Yoast SEO plugin. -->","yoast_head_json":{"title":"P\u00e1gina Inicial - Essencial Energia Eficiente","robots":{"index":"index","follow":"follow","max-snippet":"max-snippet:-1","max-image-preview":"max-image-preview:large","max-video-preview":"max-video-preview:-1"},"canonical":"https:\/\/essencial.solar\/blog\/","og_locale":"pt_BR","og_type":"article","og_title":"P\u00e1gina Inicial - Essencial Energia Eficiente","og_description":"Revista Essencial Energia Eficiente","og_url":"https:\/\/essencial.solar\/blog\/","og_site_name":"Essencial Energia Eficiente","article_modified_time":"2021-09-28T21:02:56+00:00","twitter_card":"summary_large_image","schema":{"@context":"https:\/\/schema.org","@graph":[{"@type":"WebSite","@id":"https:\/\/essencial.solar\/blog\/#website","url":"https:\/\/essencial.solar\/blog\/","name":"Essencial Energia Eficiente","description":"","potentialAction":[{"@type":"SearchAction","target":{"@type":"EntryPoint","urlTemplate":"https:\/\/essencial.solar\/blog\/?s={search_term_string}"},"query-input":"required name=search_term_string"}],"inLanguage":"pt-BR"},{"@type":"WebPage","@id":"https:\/\/essencial.solar\/blog\/#webpage","url":"https:\/\/essencial.solar\/blog\/","name":"P\u00e1gina Inicial - Essencial Energia Eficiente","isPartOf":{"@id":"https:\/\/essencial.solar\/blog\/#website"},"datePublished":"2021-09-28T19:02:00+00:00","dateModified":"2021-09-28T21:02:56+00:00","breadcrumb":{"@id":"https:\/\/essencial.solar\/blog\/#breadcrumb"},"inLanguage":"pt-BR","potentialAction":[{"@type":"ReadAction","target":["https:\/\/essencial.solar\/blog\/"]}]},{"@type":"BreadcrumbList","@id":"https:\/\/essencial.solar\/blog\/#breadcrumb","itemListElement":[{"@type":"ListItem","position":1,"name":"In\u00edcio","item":"https:\/\/essencial.solar\/blog\/"},{"@type":"ListItem","position":2,"name":"P\u00e1gina Inicial"}]}]}},"_links":{"self":[{"href":"https:\/\/essencial.solar\/blog\/wp-json\/wp\/v2\/pages\/6"}],"collection":[{"href":"https:\/\/essencial.solar\/blog\/wp-json\/wp\/v2\/pages"}],"about":[{"href":"https:\/\/essencial.solar\/blog\/wp-json\/wp\/v2\/types\/page"}],"author":[{"embeddable":true,"href":"https:\/\/essencial.solar\/blog\/wp-json\/wp\/v2\/users\/1"}],"replies":[{"embeddable":true,"href":"https:\/\/essencial.solar\/blog\/wp-json\/wp\/v2\/comments?post=6"}],"version-history":[{"count":188,"href":"https:\/\/essencial.solar\/blog\/wp-json\/wp\/v2\/pages\/6\/revisions"}],"predecessor-version":[{"id":273,"href":"https:\/\/essencial.solar\/blog\/wp-json\/wp\/v2\/pages\/6\/revisions\/273"}],"wp:attachment":[{"href":"https:\/\/essencial.solar\/blog\/wp-json\/wp\/v2\/media?parent=6"}],"curies":[{"name":"wp","href":"https:\/\/api.w.org\/{rel}","templated":true}]}}